

{"id":1030,"date":"2021-05-03T17:35:36","date_gmt":"2021-05-03T15:35:36","guid":{"rendered":"https:\/\/www-granit.irisa.fr\/?page_id=1030"},"modified":"2022-07-06T10:03:05","modified_gmt":"2022-07-06T08:03:05","slug":"wake-up-radio-nwur","status":"publish","type":"page","link":"https:\/\/www-granit.irisa.fr\/fr\/wake-up-radio-nwur\/","title":{"rendered":"Wake-up radio (Nwur)"},"content":{"rendered":"<p>Cette nouvelle WakeUp radio, appel\u00e9e NWUR, est bas\u00e9e sur celle de l&rsquo;ETHZ mais int\u00e8gre un nouveau microcontr\u00f4leur afin d&rsquo;effectuer des d\u00e9cisions soft ou hard pour le d\u00e9codage des bits OOK. L&rsquo;architecture de NWUR est pr\u00e9sent\u00e9e dans la figure ci-dessous. La principale nouveaut\u00e9 de cette architecture est la possibilit\u00e9 de passer d&rsquo;une d\u00e9cision soft \u00e0 une d\u00e9cision hard pour le d\u00e9codage de la trame de r\u00e9veil (WUB). La consommation de courant de NWUR a \u00e9t\u00e9 mesur\u00e9e \u00e0 660nA en mode inactif et \u00e0 1,02uA en mode r\u00e9ception.<\/p>\n<p><a href=\"https:\/\/www-granit.irisa.fr\/files\/2022\/07\/EEWOK_NWUR.png\"><img loading=\"lazy\" decoding=\"async\" class=\"wp-image-1253 aligncenter\" src=\"https:\/\/www-granit.irisa.fr\/files\/2022\/07\/EEWOK_NWUR-300x111.png\" alt=\"\" width=\"478\" height=\"177\" srcset=\"https:\/\/www-granit.irisa.fr\/files\/2022\/07\/EEWOK_NWUR-300x111.png 300w, https:\/\/www-granit.irisa.fr\/files\/2022\/07\/EEWOK_NWUR-768x284.png 768w, https:\/\/www-granit.irisa.fr\/files\/2022\/07\/EEWOK_NWUR-150x55.png 150w, https:\/\/www-granit.irisa.fr\/files\/2022\/07\/EEWOK_NWUR.png 933w\" sizes=\"auto, (max-width: 478px) 100vw, 478px\" \/><\/a><\/p>\n<p>Le prototype NWUR utilise le format Clickboard afin de faciliter l&rsquo;interfa\u00e7age avec des cartes m\u00e8re. Afin de tester les performances de NWUR \u00e0 grande \u00e9chelle, des n\u0153uds de capteurs sans fil (comprenant \u00e0 la fois un module LoRa et une wake-up radio NWUR) ont \u00e9t\u00e9 int\u00e9gr\u00e9 \u00e0 la plateforme Smartsense, comme le montre la figure suivante (ainsi que le circuit imprim\u00e9 de la carte Clickboard).<\/p>\n<p><a href=\"https:\/\/www-granit.irisa.fr\/files\/2022\/07\/EEWOK_NWUR_SmartSense.png\"><img loading=\"lazy\" decoding=\"async\" class=\"alignnone wp-image-1259\" src=\"https:\/\/www-granit.irisa.fr\/files\/2022\/07\/EEWOK_NWUR_SmartSense-300x163.png\" alt=\"\" width=\"387\" height=\"210\" srcset=\"https:\/\/www-granit.irisa.fr\/files\/2022\/07\/EEWOK_NWUR_SmartSense-300x163.png 300w, https:\/\/www-granit.irisa.fr\/files\/2022\/07\/EEWOK_NWUR_SmartSense-768x417.png 768w, https:\/\/www-granit.irisa.fr\/files\/2022\/07\/EEWOK_NWUR_SmartSense-150x81.png 150w, https:\/\/www-granit.irisa.fr\/files\/2022\/07\/EEWOK_NWUR_SmartSense.png 770w\" sizes=\"auto, (max-width: 387px) 100vw, 387px\" \/><\/a>.\u00a0 \u00a0 \u00a0 \u00a0\u00a0<a href=\"https:\/\/www-granit.irisa.fr\/files\/2022\/07\/EEWOK_NWUR_Clipboard.png\"><img loading=\"lazy\" decoding=\"async\" class=\"alignnone wp-image-1252\" src=\"https:\/\/www-granit.irisa.fr\/files\/2022\/07\/EEWOK_NWUR_Clipboard-300x211.png\" alt=\"\" width=\"273\" height=\"192\" srcset=\"https:\/\/www-granit.irisa.fr\/files\/2022\/07\/EEWOK_NWUR_Clipboard-300x211.png 300w, https:\/\/www-granit.irisa.fr\/files\/2022\/07\/EEWOK_NWUR_Clipboard-150x106.png 150w, https:\/\/www-granit.irisa.fr\/files\/2022\/07\/EEWOK_NWUR_Clipboard.png 497w\" sizes=\"auto, (max-width: 273px) 100vw, 273px\" \/><\/a><\/p>\n<p>Publication associ\u00e9e :<\/p>\n<p>[1]\u00a0Nour El Hoda Djidi, Matthieu Gautier, Antoine Courtay, Olivier Berder<i>,<\/i>\u00a0<a href=\"https:\/\/hal.inria.fr\/hal-03223796\" target=\"_blank\" rel=\"noopener\">MEES-WuR: Minimum Energy Coding with Early Shutdown for Wake-up Receivers<\/a>\u00a0<i>IEEE Transactions on Green Communications and Networking<\/i>, 2021<\/p>","protected":false},"excerpt":{"rendered":"<p>Cette nouvelle WakeUp radio, appel\u00e9e NWUR, est bas\u00e9e sur celle de l&rsquo;ETHZ mais int\u00e8gre un nouveau microcontr\u00f4leur afin d&rsquo;effectuer des d\u00e9cisions soft ou hard pour le d\u00e9codage des bits OOK. L&rsquo;architecture de NWUR est pr\u00e9sent\u00e9e dans la figure ci-dessous. La principale nouveaut\u00e9 de cette architecture est la possibilit\u00e9 de passer\u2026<\/p>\n<p class=\"continue-reading-button\"> <a class=\"continue-reading-link\" href=\"https:\/\/www-granit.irisa.fr\/fr\/wake-up-radio-nwur\/\">Lire la suite<i class=\"crycon-right-dir\"><\/i><\/a><\/p>\n","protected":false},"author":683,"featured_media":0,"parent":0,"menu_order":0,"comment_status":"closed","ping_status":"closed","template":"","meta":{"footnotes":""},"class_list":["post-1030","page","type-page","status-publish","hentry"],"_links":{"self":[{"href":"https:\/\/www-granit.irisa.fr\/fr\/wp-json\/wp\/v2\/pages\/1030","targetHints":{"allow":["GET"]}}],"collection":[{"href":"https:\/\/www-granit.irisa.fr\/fr\/wp-json\/wp\/v2\/pages"}],"about":[{"href":"https:\/\/www-granit.irisa.fr\/fr\/wp-json\/wp\/v2\/types\/page"}],"author":[{"embeddable":true,"href":"https:\/\/www-granit.irisa.fr\/fr\/wp-json\/wp\/v2\/users\/683"}],"replies":[{"embeddable":true,"href":"https:\/\/www-granit.irisa.fr\/fr\/wp-json\/wp\/v2\/comments?post=1030"}],"version-history":[{"count":8,"href":"https:\/\/www-granit.irisa.fr\/fr\/wp-json\/wp\/v2\/pages\/1030\/revisions"}],"predecessor-version":[{"id":1263,"href":"https:\/\/www-granit.irisa.fr\/fr\/wp-json\/wp\/v2\/pages\/1030\/revisions\/1263"}],"wp:attachment":[{"href":"https:\/\/www-granit.irisa.fr\/fr\/wp-json\/wp\/v2\/media?parent=1030"}],"curies":[{"name":"wp","href":"https:\/\/api.w.org\/{rel}","templated":true}]}}