

{"id":119,"date":"2015-03-01T21:57:48","date_gmt":"2015-03-01T20:57:48","guid":{"rendered":"https:\/\/project.inria.fr\/granit\/?page_id=119"},"modified":"2021-05-03T15:45:00","modified_gmt":"2021-05-03T13:45:00","slug":"iot-applications","status":"publish","type":"page","link":"https:\/\/www-granit.irisa.fr\/fr\/iot-applications\/","title":{"rendered":"Applications pour l&rsquo;IoT"},"content":{"rendered":"<p>Un challenge important \u00e0 la conception d&rsquo;un syst\u00e8me sans fil efficace en \u00e9nergie \u00a0est de permettre aux noeuds de coop\u00e9rer entre eux, soit au travers de calculs distribu\u00e9s afin de trouver le meilleur compromis calcul\/communication ou au travers du choix de sch\u00e9mas de relais coop\u00e9ratifs.<\/p>\n<p>L&rsquo;\u00e9quipe GRANIT \u00e9tudie ces th\u00e8mes prometteurs au niveau des couches physiques et protocolaires :<\/p>\n<ul>\n<li><a href=\"https:\/\/www-granit.irisa.fr\/fr\/indoor-positioning\/\">Localisation en int\u00e9rieur<\/a><\/li>\n<li><a href=\"https:\/\/www-granit.irisa.fr\/fr\/lpwan-communications-and-mac-protocols\/\">Communications LPWAN et protocoles MAC<\/a><\/li>\n<li><a href=\"https:\/\/www-granit.irisa.fr\/fr\/cooperative-relay-and-mimo-techniques\/\">Techniques MIMO et coop\u00e9ratives<\/a><\/li>\n<\/ul>\n<p>Les plateformes associ\u00e9s \u00e0 ce th\u00e8me sont :<\/p>\n<ul>\n<li><a href=\"https:\/\/www-granit.irisa.fr\/fr\/wireless-body-area-networks\/\">R\u00e9seaux corporels sans fil (Zyggie)<\/a><\/li>\n<\/ul>\n<p><\/p>","protected":false},"excerpt":{"rendered":"<p>Un challenge important \u00e0 la conception d&rsquo;un syst\u00e8me sans fil efficace en \u00e9nergie \u00a0est de permettre aux noeuds de coop\u00e9rer entre eux, soit au travers de calculs distribu\u00e9s afin de trouver le meilleur compromis calcul\/communication ou au travers du choix de sch\u00e9mas de relais coop\u00e9ratifs. L&rsquo;\u00e9quipe GRANIT \u00e9tudie ces th\u00e8mes\u2026<\/p>\n<p class=\"continue-reading-button\"> <a class=\"continue-reading-link\" href=\"https:\/\/www-granit.irisa.fr\/fr\/iot-applications\/\">Lire la suite<i class=\"crycon-right-dir\"><\/i><\/a><\/p>\n","protected":false},"author":683,"featured_media":0,"parent":0,"menu_order":0,"comment_status":"closed","ping_status":"closed","template":"","meta":{"footnotes":""},"class_list":["post-119","page","type-page","status-publish","hentry"],"_links":{"self":[{"href":"https:\/\/www-granit.irisa.fr\/fr\/wp-json\/wp\/v2\/pages\/119","targetHints":{"allow":["GET"]}}],"collection":[{"href":"https:\/\/www-granit.irisa.fr\/fr\/wp-json\/wp\/v2\/pages"}],"about":[{"href":"https:\/\/www-granit.irisa.fr\/fr\/wp-json\/wp\/v2\/types\/page"}],"author":[{"embeddable":true,"href":"https:\/\/www-granit.irisa.fr\/fr\/wp-json\/wp\/v2\/users\/683"}],"replies":[{"embeddable":true,"href":"https:\/\/www-granit.irisa.fr\/fr\/wp-json\/wp\/v2\/comments?post=119"}],"version-history":[{"count":14,"href":"https:\/\/www-granit.irisa.fr\/fr\/wp-json\/wp\/v2\/pages\/119\/revisions"}],"predecessor-version":[{"id":1013,"href":"https:\/\/www-granit.irisa.fr\/fr\/wp-json\/wp\/v2\/pages\/119\/revisions\/1013"}],"wp:attachment":[{"href":"https:\/\/www-granit.irisa.fr\/fr\/wp-json\/wp\/v2\/media?parent=119"}],"curies":[{"name":"wp","href":"https:\/\/api.w.org\/{rel}","templated":true}]}}