

{"id":133,"date":"2015-03-02T15:44:26","date_gmt":"2015-03-02T14:44:26","guid":{"rendered":"https:\/\/project.inria.fr\/granit\/?page_id=133"},"modified":"2021-05-03T15:47:22","modified_gmt":"2021-05-03T13:47:22","slug":"power-management","status":"publish","type":"page","link":"https:\/\/www-granit.irisa.fr\/fr\/power-management\/","title":{"rendered":"Gestion d&rsquo;\u00e9nergie"},"content":{"rendered":"<p><\/p>\n<div>\n<p>L&rsquo;\u00e9quipe GRANIT consid\u00e8re des optimizations au niveau algorithmique\u00a0pour obtenir des gains \u00e9nerg\u00e9tiques. Plus pr\u00e9cis\u00e9ment, le compromis entre calcul et communication sera \u00e9tudi\u00e9 du point de vue \u00e9nerg\u00e9tique afin de g\u00e9rer dynamiquement l&rsquo;\u00e9nergie.<\/p>\n<p>Les principaux th\u00e8mes de recherche sont \u00a0:<\/p>\n<ul>\n<li><a href=\"https:\/\/www-granit.irisa.fr\/energy-harvesting-and-power-management\/\">R\u00e9cup\u00e9ration d&rsquo;\u00e9nergie et gestion de l&rsquo;\u00e9nergie<\/a><\/li>\n<li><a href=\"https:\/\/www-granit.irisa.fr\/fr\/wake-up-radio\/\">Wake-up radio<\/a><\/li>\n<\/ul>\n<p>Les plateformes associ\u00e9s \u00e0 ce th\u00e8me sont :<\/p>\n<ul>\n<li><a href=\"https:\/\/www-granit.irisa.fr\/wireless-sensor-network\/\">R\u00e9seaux de capteurs sans fil (PowWow)<\/a><\/li>\n<\/ul>\n<\/div>\n<div>\n<div id=\"attachment_344\" style=\"width: 543px\" class=\"wp-caption aligncenter\"><a href=\"https:\/\/www-granit.irisa.fr\/files\/2015\/03\/Adapt_GranitMethodo.png\"><img loading=\"lazy\" decoding=\"async\" aria-describedby=\"caption-attachment-344\" class=\" wp-image-344 \" title=\"GRANIT Optimization Methodology\" src=\"https:\/\/www-granit.irisa.fr\/files\/2015\/03\/Adapt_GranitMethodo.png\" alt=\"GRANIT Optimization Methodology\" width=\"533\" height=\"410\" srcset=\"https:\/\/www-granit.irisa.fr\/files\/2015\/03\/Adapt_GranitMethodo.png 762w, https:\/\/www-granit.irisa.fr\/files\/2015\/03\/Adapt_GranitMethodo-300x230.png 300w, https:\/\/www-granit.irisa.fr\/files\/2015\/03\/Adapt_GranitMethodo-195x150.png 195w, https:\/\/www-granit.irisa.fr\/files\/2015\/03\/Adapt_GranitMethodo-150x115.png 150w\" sizes=\"auto, (max-width: 533px) 100vw, 533px\" \/><\/a><p id=\"caption-attachment-344\" class=\"wp-caption-text\">M\u00e9thodologie d&rsquo;optimisation \u00e9nerg\u00e9tique de GRANIT<\/p><\/div>\n<\/div>\n<div id=\"post-110\"><\/div>\n<p><\/p>","protected":false},"excerpt":{"rendered":"<p>L&rsquo;\u00e9quipe GRANIT consid\u00e8re des optimizations au niveau algorithmique\u00a0pour obtenir des gains \u00e9nerg\u00e9tiques. Plus pr\u00e9cis\u00e9ment, le compromis entre calcul et communication sera \u00e9tudi\u00e9 du point de vue \u00e9nerg\u00e9tique afin de g\u00e9rer dynamiquement l&rsquo;\u00e9nergie. Les principaux th\u00e8mes de recherche sont \u00a0: R\u00e9cup\u00e9ration d&rsquo;\u00e9nergie et gestion de l&rsquo;\u00e9nergie Wake-up radio Les plateformes associ\u00e9s\u2026<\/p>\n<p class=\"continue-reading-button\"> <a class=\"continue-reading-link\" href=\"https:\/\/www-granit.irisa.fr\/fr\/power-management\/\">Lire la suite<i class=\"crycon-right-dir\"><\/i><\/a><\/p>\n","protected":false},"author":683,"featured_media":0,"parent":0,"menu_order":0,"comment_status":"closed","ping_status":"closed","template":"","meta":{"footnotes":""},"class_list":["post-133","page","type-page","status-publish","hentry"],"_links":{"self":[{"href":"https:\/\/www-granit.irisa.fr\/fr\/wp-json\/wp\/v2\/pages\/133","targetHints":{"allow":["GET"]}}],"collection":[{"href":"https:\/\/www-granit.irisa.fr\/fr\/wp-json\/wp\/v2\/pages"}],"about":[{"href":"https:\/\/www-granit.irisa.fr\/fr\/wp-json\/wp\/v2\/types\/page"}],"author":[{"embeddable":true,"href":"https:\/\/www-granit.irisa.fr\/fr\/wp-json\/wp\/v2\/users\/683"}],"replies":[{"embeddable":true,"href":"https:\/\/www-granit.irisa.fr\/fr\/wp-json\/wp\/v2\/comments?post=133"}],"version-history":[{"count":19,"href":"https:\/\/www-granit.irisa.fr\/fr\/wp-json\/wp\/v2\/pages\/133\/revisions"}],"predecessor-version":[{"id":1015,"href":"https:\/\/www-granit.irisa.fr\/fr\/wp-json\/wp\/v2\/pages\/133\/revisions\/1015"}],"wp:attachment":[{"href":"https:\/\/www-granit.irisa.fr\/fr\/wp-json\/wp\/v2\/media?parent=133"}],"curies":[{"name":"wp","href":"https:\/\/api.w.org\/{rel}","templated":true}]}}