

{"id":135,"date":"2015-03-02T15:43:19","date_gmt":"2015-03-02T14:43:19","guid":{"rendered":"https:\/\/project.inria.fr\/granit\/?page_id=135"},"modified":"2021-05-03T15:56:40","modified_gmt":"2021-05-03T13:56:40","slug":"hw-sw-methods","status":"publish","type":"page","link":"https:\/\/www-granit.irisa.fr\/fr\/hw-sw-methods\/","title":{"rendered":"M\u00e9thodologies HW\/SW"},"content":{"rendered":"<p>Une des originalit\u00e9s de l&rsquo;\u00e9quipe GRANIT est d&rsquo;implementer les algorithmes et les protocoles propos\u00e9s \u00a0 sur diff\u00e9rentes plateformes. Les cibles mat\u00e9rielles vont des micro-controlleurs ou FPGA faibles consommations pour les r\u00e9seaux de capteurs aux syst\u00e8mes sur puce et syst\u00e8mes multi-coeurs pour des applications plus gourmandes en calcul.<\/p>\n<p>Nos principales r\u00e9alisations sont :<\/p>\n<div>\n<ul>\n<li><a href=\"https:\/\/www-granit.irisa.fr\/software-defined-radio\/\">Radio logicielle<\/a><\/li>\n<li><a href=\"https:\/\/www-granit.irisa.fr\/rf\/security-of-rf-devices\/\">S\u00e9curit\u00e9 des syst\u00e8mes RF<\/a><\/li>\n<li><a href=\"https:\/\/www-granit.irisa.fr\/adaptive-signal-processing-for-digital-communications\/\">Traitement du signal adaptatif pour les communications num\u00e9riques<\/a><\/li>\n<\/ul>\n<p>Les plateformes associ\u00e9s \u00e0 ce th\u00e8me sont :<\/p>\n<ul>\n<li><a href=\"https:\/\/www-granit.irisa.fr\/platform-based-design\/rose-platform\/\">Plateforme de Radio Logicielle Rose<\/a><\/li>\n<\/ul>\n<\/div>\n<p><\/p>","protected":false},"excerpt":{"rendered":"<p>Une des originalit\u00e9s de l&rsquo;\u00e9quipe GRANIT est d&rsquo;implementer les algorithmes et les protocoles propos\u00e9s \u00a0 sur diff\u00e9rentes plateformes. Les cibles mat\u00e9rielles vont des micro-controlleurs ou FPGA faibles consommations pour les r\u00e9seaux de capteurs aux syst\u00e8mes sur puce et syst\u00e8mes multi-coeurs pour des applications plus gourmandes en calcul. Nos principales r\u00e9alisations\u2026<\/p>\n<p class=\"continue-reading-button\"> <a class=\"continue-reading-link\" href=\"https:\/\/www-granit.irisa.fr\/fr\/hw-sw-methods\/\">Lire la suite<i class=\"crycon-right-dir\"><\/i><\/a><\/p>\n","protected":false},"author":683,"featured_media":0,"parent":0,"menu_order":0,"comment_status":"closed","ping_status":"closed","template":"","meta":{"footnotes":""},"class_list":["post-135","page","type-page","status-publish","hentry"],"_links":{"self":[{"href":"https:\/\/www-granit.irisa.fr\/fr\/wp-json\/wp\/v2\/pages\/135","targetHints":{"allow":["GET"]}}],"collection":[{"href":"https:\/\/www-granit.irisa.fr\/fr\/wp-json\/wp\/v2\/pages"}],"about":[{"href":"https:\/\/www-granit.irisa.fr\/fr\/wp-json\/wp\/v2\/types\/page"}],"author":[{"embeddable":true,"href":"https:\/\/www-granit.irisa.fr\/fr\/wp-json\/wp\/v2\/users\/683"}],"replies":[{"embeddable":true,"href":"https:\/\/www-granit.irisa.fr\/fr\/wp-json\/wp\/v2\/comments?post=135"}],"version-history":[{"count":27,"href":"https:\/\/www-granit.irisa.fr\/fr\/wp-json\/wp\/v2\/pages\/135\/revisions"}],"predecessor-version":[{"id":1018,"href":"https:\/\/www-granit.irisa.fr\/fr\/wp-json\/wp\/v2\/pages\/135\/revisions\/1018"}],"wp:attachment":[{"href":"https:\/\/www-granit.irisa.fr\/fr\/wp-json\/wp\/v2\/media?parent=135"}],"curies":[{"name":"wp","href":"https:\/\/api.w.org\/{rel}","templated":true}]}}