

{"id":1400,"date":"2024-09-12T15:43:24","date_gmt":"2024-09-12T13:43:24","guid":{"rendered":"https:\/\/www-granit.irisa.fr\/?page_id=1400"},"modified":"2025-08-20T15:00:50","modified_gmt":"2025-08-20T13:00:50","slug":"francais-kloerdis-seminaires-granit-taran","status":"publish","type":"page","link":"https:\/\/www-granit.irisa.fr\/fr\/francais-kloerdis-seminaires-granit-taran\/","title":{"rendered":"Kloerdis : S\u00e9minaires GRANIT\/TARAN"},"content":{"rendered":"<div class=\"wp-block-image is-style-default\"><figure class=\"aligncenter size-full is-resized\"><a href=\"https:\/\/www-granit.irisa.fr\/files\/2024\/09\/Kloerdi_logo_small.jpeg\"><img loading=\"lazy\" decoding=\"async\" src=\"https:\/\/www-granit.irisa.fr\/files\/2024\/09\/Kloerdi_logo_small.jpeg\" alt=\"\" class=\"wp-image-1401\" width=\"236\" height=\"173\" srcset=\"https:\/\/www-granit.irisa.fr\/files\/2024\/09\/Kloerdi_logo_small.jpeg 252w, https:\/\/www-granit.irisa.fr\/files\/2024\/09\/Kloerdi_logo_small-150x110.jpeg 150w\" sizes=\"auto, (max-width: 236px) 100vw, 236px\" \/><\/a><\/figure><\/div>\n\n\n\n<p class=\"has-text-align-center\"> Les kloerdis, c&rsquo;est le s\u00e9minaire convivial des \u00e9quipes Taran et Granit avec de la science&#8230; et des cr\u00eapes !<\/p>\n\n\n\n<p class=\"has-medium-font-size\"><strong>Saison 4 (2024\/2025) <\/strong><\/p>\n\n\n\n<ul class=\"wp-block-list\"><li>June 2025: \u00ab\u00a0Software Defined radio meets Software Defined Networks: the PERENNE project perspective\u00a0\u00bb, Adam Lakhdari<\/li><li>May 2025 : \u00ab\u00a0Sound and stuff\u00a0\u00bb, Thomas Muller<\/li><li>March 2025 : \u00ab\u00a0CMA ESOS : un projet pour (tenter de) rendre l&rsquo;<strong>E<\/strong>lectronique plus\u00a0<strong>S<\/strong>outenable, plus\u00a0<strong>O<\/strong>uverte et plus\u00a0<strong>S<\/strong>ouveraine\u00a0\u00bb, Emmanuel Casseau et Marie-Anne Lacroix<\/li><li>February 2025 : \u00ab\u00a0<em>Session Projets technologiques ENSS<\/em>AT\u00a0\u00bb<\/li><li>January 2025 : \u00ab\u00a0SmartSense: a sensor network for smart building and more\u00a0\u00bb, Nidhal Balti<\/li><li>December 2024: \u00ab\u00a0Fixed point inference on MSP430\u00a0\u00bb, Robin Gerzaguet <\/li><li>Novembre 2024 : \u00ab\u00a0Acc\u00e9l\u00e9ration mat\u00e9rielle sur FPGA pour l&rsquo;indexation des donn\u00e9es g\u00e9nomiques\u00a0\u00bb, Nour Chiboub<\/li><li>Octobre 2024 : \u00ab\u00a0<em>Deep Learning-Based ON\/OFF detection for enhanced Energy Disaggregation\u00a0\u00bb<\/em>, Nidhal Balti <\/li><\/ul>\n\n\n\n<p class=\"has-medium-font-size\"><strong>Saison 3 (2023\/2024)<\/strong><\/p>\n\n\n\n<ul class=\"wp-block-list\"><li>Juin 2024 : <em>\u00ab\u00a0R\u00e9seaux Denses pour l\u2019identification des Empreintes Radio Fr\u00e9quence\u00a0\u00bb<\/em>, Emma Bothereau<\/li><li>Mai 2024 : <em>\u00ab\u00a0Radio logicielle et Julia\u00a0\u00bb<\/em>, Paul Bazerque<\/li><li>Avril 2024 : <em>\u00ab\u00a0Protection de r\u00e9seaux de communication sur architectures multi-c\u0153urs\u00a0\u00bb<\/em>, Hamza Amara<\/li><li>Mars 2024 : <em>\u00ab\u00a0\u00c9galisation analogique pour les futures r\u00e9seaux d\u2019acc\u00e8s optiques\u00a0\u00bb<\/em>, Dylan Chevalier<\/li><li>F\u00e9vrier 2024 : <em>\u00ab\u00a0Session Projets technologiques ENSSAT\u00a0\u00bb<\/em><\/li><li>F\u00e9vrier 2024 : <em>\u00ab\u00a0R\u00e9cup\u00e9ration d\u2019\u00e9nergie radio-fr\u00e9quence (RF) pour alimenter des \u00ab wake-up radios \u00bb \u00e0 faible consommation\u00a0\u00bb<\/em>, Jesus Aguilar Argote<\/li><li>D\u00e9cembre 2023 : <em>\u00ab\u00a0Compilation h\u00e9t\u00e9rog\u00e8ne : le langage Julia pour la Synth\u00e8se de Haut Niveau\u00a0\u00bb<\/em>, Gaetan Loun\u00e8s<\/li><li>Novembre 2023 : <em>\u00ab\u00a0Techniques de durcissement pour les applications de r\u00e9seaux de neurones bas\u00e9s sur NoC\u00a0\u00bb<\/em>, Wifread Guilleme  <\/li><li>Octobre 2023 : <em>\u00ab\u00a0Analyse de l&rsquo;espace latent et optimisation de l&rsquo;\u00e9tage de quantification de codecs audio neuronaux\u00a0\u00bb<\/em>, Thomas Muller &nbsp;<\/li><li>Septembre 2023 : <em>\u00ab\u00a0Optimisation de la r\u00e9solution des donn\u00e9es pour la connectivit\u00e9 sans fil des syst\u00e8mes de mesure infrasonore\u00a0\u00bb<\/em>, Samir El Rhaz<\/li><\/ul>\n\n\n\n<p class=\"has-medium-font-size\"><strong>Saison 2 (2022\/2023)<\/strong><\/p>\n\n\n\n<ul class=\"wp-block-list\"><li>Janvier 2023 : <em>\u00ab\u00a0Session posters doctorant\u00a0\u00bb<\/em><\/li><li>D\u00e9cembre 2022 : <em>\u00ab\u00a0Session posters doctorant\u00a0\u00bb <\/em><\/li><li>Octobre 2022 : <em>\u00ab\u00a0R\u00e9seaux de capteurs sans fil h\u00e9t\u00e9rog\u00e8nes pour aider l\u2019apprentissage non supervis\u00e9\u00a0\u00bb<\/em>, Nidhal Balti<\/li><\/ul>\n\n\n\n<p class=\"has-medium-font-size\"><strong>Saison 1 (2021\/2022)<\/strong><\/p>\n\n\n\n<ul class=\"wp-block-list\"><li>Juin 2022 : <em>\u00ab\u00a0Reconnaissance d\u2019empreintes radio-fr\u00e9quence \u00e0 partir de rad<\/em>io logicielle\u00a0\u00bb, Alice Chillet<\/li><li>Juin 2022 : <em>\u00ab\u00a0Probe request analysis for WiFi device couting\u00a0\u00bb<\/em>, Lucia Pintor<\/li><li>Mars 2022 : <em>\u00ab\u00a0Le projet SNIFFER : surveillance non-intrusive&nbsp;d\u2019\u00e9quipements sur secteur\u00a0\u00bb<\/em>, Pierre Hall\u00e9<\/li><li>F\u00e9vrier 2022 : <em>\u00ab\u00a0Sport dans tous ces \u00e9tats<\/em>\u00ab\u00a0, Olivier Berder<\/li><li>Janvier 2022 : <em>\u00ab\u00a0Radio&nbsp;logicielle basse consommation pour de l\u2019audio haute fid\u00e9lit\u00e9\u00a0\u00bb<\/em>, Robin Gerzaguet<\/li><li>Octobre 2021 : <em>\u00ab\u00a0Multiple Fault Mitigation in Network-on-Chip Architecture Through A Bit-Shuffling Method\u00a0\u00bb<\/em>, Romain Mercier<\/li><li>Septembre 2021 : <em>\u00ab\u00a0Wake-up radio\u00a0\u00bb<\/em>, Nour El-Hoda Djidi<\/li><\/ul>\n\n\n\n<p><\/p>","protected":false},"excerpt":{"rendered":"<p>Les kloerdis, c&rsquo;est le s\u00e9minaire convivial des \u00e9quipes Taran et Granit avec de la science&#8230; et des cr\u00eapes ! Saison 4 (2024\/2025) June 2025: \u00ab\u00a0Software Defined radio meets Software Defined Networks: the PERENNE project perspective\u00a0\u00bb, Adam Lakhdari May 2025 : \u00ab\u00a0Sound and stuff\u00a0\u00bb, Thomas Muller March 2025 : \u00ab\u00a0CMA ESOS\u2026<\/p>\n<p class=\"continue-reading-button\"> <a class=\"continue-reading-link\" href=\"https:\/\/www-granit.irisa.fr\/fr\/francais-kloerdis-seminaires-granit-taran\/\">Lire la suite<i class=\"crycon-right-dir\"><\/i><\/a><\/p>\n","protected":false},"author":683,"featured_media":0,"parent":0,"menu_order":0,"comment_status":"closed","ping_status":"closed","template":"","meta":{"footnotes":""},"class_list":["post-1400","page","type-page","status-publish","hentry"],"_links":{"self":[{"href":"https:\/\/www-granit.irisa.fr\/fr\/wp-json\/wp\/v2\/pages\/1400","targetHints":{"allow":["GET"]}}],"collection":[{"href":"https:\/\/www-granit.irisa.fr\/fr\/wp-json\/wp\/v2\/pages"}],"about":[{"href":"https:\/\/www-granit.irisa.fr\/fr\/wp-json\/wp\/v2\/types\/page"}],"author":[{"embeddable":true,"href":"https:\/\/www-granit.irisa.fr\/fr\/wp-json\/wp\/v2\/users\/683"}],"replies":[{"embeddable":true,"href":"https:\/\/www-granit.irisa.fr\/fr\/wp-json\/wp\/v2\/comments?post=1400"}],"version-history":[{"count":39,"href":"https:\/\/www-granit.irisa.fr\/fr\/wp-json\/wp\/v2\/pages\/1400\/revisions"}],"predecessor-version":[{"id":1573,"href":"https:\/\/www-granit.irisa.fr\/fr\/wp-json\/wp\/v2\/pages\/1400\/revisions\/1573"}],"wp:attachment":[{"href":"https:\/\/www-granit.irisa.fr\/fr\/wp-json\/wp\/v2\/media?parent=1400"}],"curies":[{"name":"wp","href":"https:\/\/api.w.org\/{rel}","templated":true}]}}