

{"id":189,"date":"2015-03-09T09:42:16","date_gmt":"2015-03-09T08:42:16","guid":{"rendered":"https:\/\/project.inria.fr\/granit\/?page_id=189"},"modified":"2015-04-30T15:38:19","modified_gmt":"2015-04-30T13:38:19","slug":"cooperative-relay-and-mimo-techniques","status":"publish","type":"page","link":"https:\/\/www-granit.irisa.fr\/fr\/cooperative-relay-and-mimo-techniques\/","title":{"rendered":"Techniques de relais et de MIMO coop\u00e9ratives"},"content":{"rendered":"<p>Le mode de transmission utilis\u00e9 classiquement dans les r\u00e9seaux de capteurs sans \ufb01l pour transmettre un message d\u2019une source <i>S<\/i> \u00e0 une destination <i>D<\/i> s\u00e9par\u00e9es par une distance <i>d<\/i> assez grande est le multi-sauts ou multi-\u00e9tapes. Il existe cependant des techniques coop\u00e9ratives de traitement de signal qui permettent d\u2019augmenter la port\u00e9e des appareils ou de r\u00e9duire l\u2019\u00e9nergie d\u00e9pens\u00e9e pour atteindre une m\u00eame distance.<\/p>\n<ul>\n<li>Techniques de relais\u00a0: Amplify-and-Forward (AF) et Decode-and-Forward (DF)<\/li>\n<li>Strat\u00e9gies MIMO coop\u00e9ratives<\/li>\n<li>Routage opportuniste<\/li>\n<\/ul>\n<div id=\"attachment_190\" style=\"width: 605px\" class=\"wp-caption aligncenter\"><a href=\"https:\/\/www-granit.irisa.fr\/files\/2015\/03\/Coop_MIMO.jpg\"><img loading=\"lazy\" decoding=\"async\" aria-describedby=\"caption-attachment-190\" class=\" wp-image-190  \" alt=\"Transmission MIMO coop\u00e9ratives. Phase 1 : la source \u00e9changes des informations avec ses voisins. Phase 2 : Transmission MIMO synchronis\u00e9e vers le groupe de destination. Phase 3 : les r\u00e9cepteurs envoient les signaux re\u00e7us vers la destination qui les combinent.\" src=\"https:\/\/www-granit.irisa.fr\/files\/2015\/03\/Coop_MIMO-1024x422.jpg\" width=\"595\" height=\"245\" srcset=\"https:\/\/www-granit.irisa.fr\/files\/2015\/03\/Coop_MIMO-1024x422.jpg 1024w, https:\/\/www-granit.irisa.fr\/files\/2015\/03\/Coop_MIMO-300x123.jpg 300w, https:\/\/www-granit.irisa.fr\/files\/2015\/03\/Coop_MIMO-250x103.jpg 250w, https:\/\/www-granit.irisa.fr\/files\/2015\/03\/Coop_MIMO-150x61.jpg 150w, https:\/\/www-granit.irisa.fr\/files\/2015\/03\/Coop_MIMO-900x371.jpg 900w, https:\/\/www-granit.irisa.fr\/files\/2015\/03\/Coop_MIMO.jpg 1420w\" sizes=\"auto, (max-width: 595px) 100vw, 595px\" \/><\/a><p id=\"caption-attachment-190\" class=\"wp-caption-text\">Transmission MIMO coop\u00e9ratives. Phase 1 : la source \u00e9changes des informations avec ses voisins. Phase 2 : Transmission MIMO synchronis\u00e9e vers le groupe de destination. Phase 3 : les r\u00e9cepteurs envoient les signaux re\u00e7us vers la destination qui les combinent.<\/p><\/div>\n<p>L\u2019\u00e9quipe GRANIT adresse ces diff\u00e9rentes possibilit\u00e9s en prenant notamment en compte le crit\u00e8re \u00e9nerg\u00e9tique, primordial dans les r\u00e9seaux de capteurs. Outre des \u00e9tudes de performances analytiques, les diff\u00e9rentes techniques coop\u00e9ratives sont simul\u00e9es dans des simulateurs de r\u00e9seau.\u00a0 Ceci n\u00e9cessite le d\u00e9veloppement de protocoles d\u2019acc\u00e8s d\u00e9di\u00e9s pour une meilleure efficacit\u00e9, mais permet de quantifier le gain r\u00e9el que peut apporter la coop\u00e9ration.\u00a0Parmi les m\u00e9triques utilis\u00e9es, le compromis \u00e9nergie-d\u00e9lai est tr\u00e8s int\u00e9ressant pour les r\u00e9seaux de capteurs sans fil.<\/p>","protected":false},"excerpt":{"rendered":"<p>Le mode de transmission utilis\u00e9 classiquement dans les r\u00e9seaux de capteurs sans \ufb01l pour transmettre un message d\u2019une source S \u00e0 une destination D s\u00e9par\u00e9es par une distance d assez grande est le multi-sauts ou multi-\u00e9tapes. Il existe cependant des techniques coop\u00e9ratives de traitement de signal qui permettent d\u2019augmenter la\u2026<\/p>\n<p class=\"continue-reading-button\"> <a class=\"continue-reading-link\" href=\"https:\/\/www-granit.irisa.fr\/fr\/cooperative-relay-and-mimo-techniques\/\">Lire la suite<i class=\"crycon-right-dir\"><\/i><\/a><\/p>\n","protected":false},"author":683,"featured_media":0,"parent":0,"menu_order":0,"comment_status":"closed","ping_status":"closed","template":"","meta":{"footnotes":""},"class_list":["post-189","page","type-page","status-publish","hentry"],"_links":{"self":[{"href":"https:\/\/www-granit.irisa.fr\/fr\/wp-json\/wp\/v2\/pages\/189","targetHints":{"allow":["GET"]}}],"collection":[{"href":"https:\/\/www-granit.irisa.fr\/fr\/wp-json\/wp\/v2\/pages"}],"about":[{"href":"https:\/\/www-granit.irisa.fr\/fr\/wp-json\/wp\/v2\/types\/page"}],"author":[{"embeddable":true,"href":"https:\/\/www-granit.irisa.fr\/fr\/wp-json\/wp\/v2\/users\/683"}],"replies":[{"embeddable":true,"href":"https:\/\/www-granit.irisa.fr\/fr\/wp-json\/wp\/v2\/comments?post=189"}],"version-history":[{"count":10,"href":"https:\/\/www-granit.irisa.fr\/fr\/wp-json\/wp\/v2\/pages\/189\/revisions"}],"predecessor-version":[{"id":295,"href":"https:\/\/www-granit.irisa.fr\/fr\/wp-json\/wp\/v2\/pages\/189\/revisions\/295"}],"wp:attachment":[{"href":"https:\/\/www-granit.irisa.fr\/fr\/wp-json\/wp\/v2\/media?parent=189"}],"curies":[{"name":"wp","href":"https:\/\/api.w.org\/{rel}","templated":true}]}}