

{"id":232,"date":"2015-03-10T13:44:22","date_gmt":"2015-03-10T12:44:22","guid":{"rendered":"https:\/\/project.inria.fr\/granit\/?page_id=232"},"modified":"2015-04-23T11:36:35","modified_gmt":"2015-04-23T09:36:35","slug":"real-time-fpga-processing","status":"publish","type":"page","link":"https:\/\/www-granit.irisa.fr\/fr\/real-time-fpga-processing\/","title":{"rendered":"Traitement temps r\u00e9el sur FPGA"},"content":{"rendered":"<p>Con\u00e7u dans le cadre du projet ANR FAON, cette plateforme est un prototype de r\u00e9cepteur QAM 1Gbit\/s pour les r\u00e9seaux d\u2019acc\u00e8s optique avec partage de bande passante par\u00a0\u00a0multiplexage fr\u00e9quentiel RF. Ce prototype bas\u00e9 sur un FPGA Virtex 7 et un quadruple convertisseur analogique num\u00e9rique \u00e0 1 Gsps a permis de valider en temps r\u00e9el les algorithmes d\u2019\u00e9galisation et de synchronisation, de valider les nouveaux flots de conception FPGA HLS (High Level Synthesis) et de valider la faisabilit\u00e9 du multiplexage en longueur d\u2019onde dans les r\u00e9seaux d\u2019acc\u00e8s. Ce prototype a \u00e9t\u00e9 r\u00e9alis\u00e9 en partenariat avec l\u2019UMR CNRS FOTON pour le front end RF et les tests et, Orange Labs pour l\u2019int\u00e9gration syst\u00e8me et la caract\u00e9risation. L\u2019\u00e9quipe Granit a quant \u00e0 elle con\u00e7u les algorithmes de d\u00e9modulation et le design FPGA.<\/p>","protected":false},"excerpt":{"rendered":"<p>Con\u00e7u dans le cadre du projet ANR FAON, cette plateforme est un prototype de r\u00e9cepteur QAM 1Gbit\/s pour les r\u00e9seaux d\u2019acc\u00e8s optique avec partage de bande passante par\u00a0\u00a0multiplexage fr\u00e9quentiel RF. Ce prototype bas\u00e9 sur un FPGA Virtex 7 et un quadruple convertisseur analogique num\u00e9rique \u00e0 1 Gsps a permis de\u2026<\/p>\n<p class=\"continue-reading-button\"> <a class=\"continue-reading-link\" href=\"https:\/\/www-granit.irisa.fr\/fr\/real-time-fpga-processing\/\">Lire la suite<i class=\"crycon-right-dir\"><\/i><\/a><\/p>\n","protected":false},"author":683,"featured_media":0,"parent":0,"menu_order":0,"comment_status":"closed","ping_status":"closed","template":"","meta":{"footnotes":""},"class_list":["post-232","page","type-page","status-publish","hentry"],"_links":{"self":[{"href":"https:\/\/www-granit.irisa.fr\/fr\/wp-json\/wp\/v2\/pages\/232","targetHints":{"allow":["GET"]}}],"collection":[{"href":"https:\/\/www-granit.irisa.fr\/fr\/wp-json\/wp\/v2\/pages"}],"about":[{"href":"https:\/\/www-granit.irisa.fr\/fr\/wp-json\/wp\/v2\/types\/page"}],"author":[{"embeddable":true,"href":"https:\/\/www-granit.irisa.fr\/fr\/wp-json\/wp\/v2\/users\/683"}],"replies":[{"embeddable":true,"href":"https:\/\/www-granit.irisa.fr\/fr\/wp-json\/wp\/v2\/comments?post=232"}],"version-history":[{"count":5,"href":"https:\/\/www-granit.irisa.fr\/fr\/wp-json\/wp\/v2\/pages\/232\/revisions"}],"predecessor-version":[{"id":289,"href":"https:\/\/www-granit.irisa.fr\/fr\/wp-json\/wp\/v2\/pages\/232\/revisions\/289"}],"wp:attachment":[{"href":"https:\/\/www-granit.irisa.fr\/fr\/wp-json\/wp\/v2\/media?parent=232"}],"curies":[{"name":"wp","href":"https:\/\/api.w.org\/{rel}","templated":true}]}}