

{"id":235,"date":"2015-03-10T13:47:28","date_gmt":"2015-03-10T12:47:28","guid":{"rendered":"https:\/\/project.inria.fr\/granit\/?page_id=235"},"modified":"2022-07-05T10:29:14","modified_gmt":"2022-07-05T08:29:14","slug":"optic-communications","status":"publish","type":"page","link":"https:\/\/www-granit.irisa.fr\/fr\/optic-communications\/","title":{"rendered":"Communications optiques"},"content":{"rendered":"<p>La demande en syst\u00e8me de transmission avec des d\u00e9bit de donn\u00e9es de 100 Gb\/s ou plus dans les r\u00e9seaux de nouvelle g\u00e9n\u00e9ration a suscit\u00e9 un regain d&rsquo;int\u00e9r\u00eat pour la d\u00e9tection coh\u00e9rente et les formats de modulation avanc\u00e9s. Par cons\u00e9quent, la d\u00e9tection coh\u00e9rente de la modulation d&rsquo;amplitude en quadrature crois\u00e9e et carr\u00e9e <i>M<\/i>-aire (<i>M<\/i>-QAM) jusqu&rsquo;aux signaux 128-QAM et le traitement num\u00e9rique du signal (Digital Signal Processing DSP) sont des solutions prometteuses pour la mise en \u0153uvre de syst\u00e8mes de transmission optique de nouvelle g\u00e9n\u00e9ration. Cependant, \u00e0 mesure que le nombre de niveaux de modulation augmente, la sensibilit\u00e9 aux d\u00e9gradations du syst\u00e8me est exacerb\u00e9e. Il est donc obligatoire de compenser (i) le bruit de phase al\u00e9atoire de l&rsquo;\u00e9metteur (Tx) et des lasers de l&rsquo;oscillateur local ou des non-lin\u00e9arit\u00e9s de la fibre, (ii) les d\u00e9s\u00e9quilibres d&rsquo;amplitude et de phase entre l&rsquo;en phase (I) et la quadrature (Q) canaux dans le Tx et le front-end du r\u00e9cepteur (Rx), et (iii) l&rsquo;interf\u00e9rence inter-symbole (ISI) qui est in\u00e9vitable en raison des limitations de bande passante au niveau du Tx\/Rx et des effets de propagation lin\u00e9aire pendant la transmission par fibre optique<\/p>\n<p><a href=\"https:\/\/www-granit.irisa.fr\/files\/2015\/03\/Adapt_OpticalReceiver.png\"><img loading=\"lazy\" decoding=\"async\" class=\"alignnone size-full wp-image-299\" src=\"https:\/\/ www-granit.irisa.fr\/files\/2015\/03\/Adapt_OpticalReceiver.png\" alt=\"Adapt_OpticalReceiver\" width=\"755\" height=\"225\" srcset=\"https:\/\/www-granit.irisa.fr\/files\/2015\/03\/Adapt_OpticalReceiver.png 755w, https:\/\/www-granit.irisa.fr\/files\/2015\/03\/Adapt_OpticalReceiver-300x89.png 300w, https:\/\/www-granit.irisa.fr\/files\/2015\/03\/Adapt_OpticalReceiver-250x74.png 250w, https:\/\/www-granit.irisa.fr\/files\/2015\/03\/Adapt_OpticalReceiver-150x44.png 150w\" sizes=\"auto, (max-width: 755px) 100vw, 755px\" \/><\/a><\/p>\n<p>Dans ce domaine, nous sommes engag\u00e9s dans la mise en oeuvre de nouveaux algorithmes efficaces tels que la r\u00e9cup\u00e9ration de phase porteuse (CPR), la compensation de d\u00e9s\u00e9quilibre de QI adaptatif aveugle et\/ou les sch\u00e9mas d&rsquo;\u00e9galisation adaptative aveugle qui sont plus adapt\u00e9s \u00e0 une mise en \u0153uvre pratique. Nous proposons des impl\u00e9mentations avec une parall\u00e9lisation importante et une r\u00e9duction des ressources mat\u00e9rielles (telles que les m\u00e9moires de coefficients, le nombre de tables de consultation, le temps requis pour mettre \u00e0 jour les coefficients de filtre) dans les plates-formes FPGA (field-programmable gate array) temps r\u00e9el.<\/p>\n<h4>La plateforme FICOP<\/h4>\n<p>FICOP est une plate-forme commune des laboratoires FOTON et IRISA d\u00e9di\u00e9e aux communications optiques \u00e0 haut d\u00e9bit. Cette plate-forme combine les comp\u00e9tences en communication optique du laboratoire FOTON et celles en traitement du signal et en impl\u00e9mentation temps r\u00e9el sur FPGA du laboratoire IRISA. La plate-forme s&rsquo;appuie sur des instrumentations de derni\u00e8re g\u00e9n\u00e9ration (oscilloscope 33 GHz, AWG 92 Gsps).<br \/>\nCes \u00e9quipements ont \u00e9t\u00e9 financ\u00e9s par la r\u00e9gion Bretagne et les fonds europ\u00e9ens FEDER\u00a0(<a href=\"http:\/\/europe.bzh\">http:\/\/europe.bzh<\/a>).<\/p>\n<p><a href=\"https:\/\/www-granit.irisa.fr\/files\/2018\/04\/Ficop2.jpg\"><img loading=\"lazy\" decoding=\"async\" class=\"wp-image-694 alignleft\" src=\"https:\/\/www-granit.irisa.fr\/files\/2018\/04\/Ficop2-169x300.jpg\" alt=\"\" width=\"209\" height=\"371\" srcset=\"https:\/\/www-granit.irisa.fr\/files\/2018\/04\/Ficop2-169x300.jpg 169w, https:\/\/www-granit.irisa.fr\/files\/2018\/04\/Ficop2-768x1365.jpg 768w, https:\/\/www-granit.irisa.fr\/files\/2018\/04\/Ficop2-576x1024.jpg 576w, https:\/\/www-granit.irisa.fr\/files\/2018\/04\/Ficop2-84x150.jpg 84w, https:\/\/www-granit.irisa.fr\/files\/2018\/04\/Ficop2.jpg 1836w\" sizes=\"auto, (max-width: 209px) 100vw, 209px\" \/><\/a><img loading=\"lazy\" decoding=\"async\" class=\"wp-image-689 alignleft\" src=\"https:\/\/www-granit.irisa.fr\/files\/2018\/04\/FEDER_logoRVB-300x216.jpg\" alt=\"\" width=\"233\" height=\"168\" srcset=\"https:\/\/www-granit.irisa.fr\/files\/2018\/04\/FEDER_logoRVB-300x216.jpg 300w, https:\/\/www-granit.irisa.fr\/files\/2018\/04\/FEDER_logoRVB-768x553.jpg 768w, https:\/\/www-granit.irisa.fr\/files\/2018\/04\/FEDER_logoRVB-1024x737.jpg 1024w, https:\/\/www-granit.irisa.fr\/files\/2018\/04\/FEDER_logoRVB-150x108.jpg 150w, https:\/\/www-granit.irisa.fr\/files\/2018\/04\/FEDER_logoRVB.jpg 1390w\" sizes=\"auto, (max-width: 233px) 100vw, 233px\" \/><\/p>\n<p>&nbsp;<\/p>","protected":false},"excerpt":{"rendered":"<p>La demande en syst\u00e8me de transmission avec des d\u00e9bit de donn\u00e9es de 100 Gb\/s ou plus dans les r\u00e9seaux de nouvelle g\u00e9n\u00e9ration a suscit\u00e9 un regain d&rsquo;int\u00e9r\u00eat pour la d\u00e9tection coh\u00e9rente et les formats de modulation avanc\u00e9s. Par cons\u00e9quent, la d\u00e9tection coh\u00e9rente de la modulation d&rsquo;amplitude en quadrature crois\u00e9e et\u2026<\/p>\n<p class=\"continue-reading-button\"> <a class=\"continue-reading-link\" href=\"https:\/\/www-granit.irisa.fr\/fr\/optic-communications\/\">Lire la suite<i class=\"crycon-right-dir\"><\/i><\/a><\/p>\n","protected":false},"author":683,"featured_media":0,"parent":0,"menu_order":0,"comment_status":"closed","ping_status":"closed","template":"","meta":{"footnotes":""},"class_list":["post-235","page","type-page","status-publish","hentry"],"_links":{"self":[{"href":"https:\/\/www-granit.irisa.fr\/fr\/wp-json\/wp\/v2\/pages\/235","targetHints":{"allow":["GET"]}}],"collection":[{"href":"https:\/\/www-granit.irisa.fr\/fr\/wp-json\/wp\/v2\/pages"}],"about":[{"href":"https:\/\/www-granit.irisa.fr\/fr\/wp-json\/wp\/v2\/types\/page"}],"author":[{"embeddable":true,"href":"https:\/\/www-granit.irisa.fr\/fr\/wp-json\/wp\/v2\/users\/683"}],"replies":[{"embeddable":true,"href":"https:\/\/www-granit.irisa.fr\/fr\/wp-json\/wp\/v2\/comments?post=235"}],"version-history":[{"count":8,"href":"https:\/\/www-granit.irisa.fr\/fr\/wp-json\/wp\/v2\/pages\/235\/revisions"}],"predecessor-version":[{"id":1224,"href":"https:\/\/www-granit.irisa.fr\/fr\/wp-json\/wp\/v2\/pages\/235\/revisions\/1224"}],"wp:attachment":[{"href":"https:\/\/www-granit.irisa.fr\/fr\/wp-json\/wp\/v2\/media?parent=235"}],"curies":[{"name":"wp","href":"https:\/\/api.w.org\/{rel}","templated":true}]}}