

{"id":354,"date":"2015-06-15T17:28:39","date_gmt":"2015-06-15T15:28:39","guid":{"rendered":"https:\/\/www-granit.irisa.fr\/?page_id=354"},"modified":"2025-10-20T15:39:37","modified_gmt":"2025-10-20T13:39:37","slug":"projects-and-grants","status":"publish","type":"page","link":"https:\/\/www-granit.irisa.fr\/fr\/projects-and-grants\/","title":{"rendered":"Projets de recherche"},"content":{"rendered":"<p><\/p>\n<h4>Projets en cours :<\/h4>\n<ul>\n<li>ANR SpiNNAch (2025-2029)<\/li>\n<li>ANR France-Suisse <a href=\"https:\/\/project.inria.fr\/miot\/\" target=\"_blank\" rel=\"noopener\">MIOT<\/a> (2025-2029)<\/li>\n<li>ANR France-Japon <a href=\"https:\/\/project.inria.fr\/lightswift\/\" target=\"_blank\" rel=\"noopener\">LIGHTSWIFT<\/a> (2023-2027)<\/li>\n<li>ANR OWL (2024-2027)<\/li>\n<li>ANR <a href=\"https:\/\/perenne.icube.unistra.fr\/\" target=\"_blank\" rel=\"noopener\">PERENNE<\/a> (2024-2027)<\/li>\n<li>AID RAPID RECSANet (2024-2025)<\/li>\n<li>ANR JCJC <a href=\"http:\/\/redinblack.irisa.fr\" target=\"_blank\" rel=\"noopener\">RedInBlack<\/a> (2023-2026)<\/li>\n<\/ul>\n<h4>Projets pass\u00e9s :<\/h4>\n<ul>\n<li>ANR <a href=\"https:\/\/project.inria.fr\/uwake\/\" target=\"_blank\" rel=\"noopener\">U-Wake-up<\/a> (2021-2024)<\/li>\n<li>Labex CominLabs\u00a0<a href=\"https:\/\/project.inria.fr\/nopcl\/\">NOP<\/a> (2021-2024)<\/li>\n<li>ADEME Goodfloow (2021-2023)<\/li>\n<li>P\u00f4le Images &amp; R\u00e9seaux &#8211; HIJ : Help in Journey (2020-2022)<\/li>\n<li>P\u00f4le EMC2 &#8211; Modiflu (2019-2021)<\/li>\n<li>P\u00f4le Images &amp; R\u00e9seaux &#8211; HAD-OC (2018-2020)<\/li>\n<li><a href=\"http:\/\/wakeup.irisa.fr\" target=\"_blank\" rel=\"noopener\">ANR\u00a0WAKE-UP<\/a>:\u00a0How wake-up radio solutions will bring new paradigms for heterogeneous M2M networks (2018-2022)<\/li>\n<li>Labex <a href=\"http:\/\/www.cominlabs.ueb.eu\/\" target=\"_self\" rel=\"noopener\">CominLabs<\/a>\u00a0&#8211; Moonlight (2018-2019)<\/li>\n<li>European CELTIC Plus &#8211; SENDATE (2016-2019)<\/li>\n<li>P\u00f4le Images &amp; R\u00e9seaux &#8211; Plug&amp;Pos (2017-2019)<\/li>\n<li>P\u00f4le Images &amp; R\u00e9seaux &#8211; Alamo (2016-2018)<\/li>\n<li>P\u00f4le Images &amp; R\u00e9seaux &#8211; Embrace (2014-2016)<\/li>\n<li>Labex\u00a0<a href=\"http:\/\/www.cominlabs.ueb.eu\/\" target=\"_self\" rel=\"noopener\">CominLabs<\/a>\u00a0<a href=\"http:\/\/bowi.gforge.inria.fr\/\" target=\"_self\" rel=\"noopener\">BoWI<\/a> : Body World Interaction (2012-2016)<\/li>\n<li>CNRS PICS project SPiNaCH : Secure and low-Power sensor Networks Circuits for Healthcare embedded applications\u00a0 (2012-2014)<\/li>\n<li>Equipex\u00a0<a href=\"http:\/\/fit-equipex.fr\/\" target=\"_self\" rel=\"noopener\">FIT<\/a> : Future Internet of Things,\u00a0<a href=\"http:\/\/www.cortexlab.fr\/\">Cognitive Radio Tesbed<\/a>\u00a0(2011-2014)<\/li>\n<li>ANR\u00a0<a href=\"http:\/\/defis.lip6.fr\/\" target=\"_self\" rel=\"noopener\">DEFIS<\/a> : Design of fixed-point embedded systems (2011-2014)<\/li>\n<li>ANR FAON : Frequency based Access Optical Networks (2011-2014)<\/li>\n<li>ANR Ocelot : prototype d\u2019oscilloscope de constellations \u00e0 base d\u2019\u00e9chantillonnage lin\u00e9aire tout optique (2011-2014)<\/li>\n<li>ANR\u00a0<a href=\"http:\/\/greco.irisa.fr\/\" target=\"_self\" rel=\"noopener\">Greco<\/a> : GREen wireless Communicating Objects (2010-2013)<\/li>\n<li>FUI\u00a0<a href=\"http:\/\/100gflex.irisa.fr\/\" target=\"_self\" rel=\"noopener\">100Gflex<\/a> : multiband optical OFDM at very-high rates (up to 100 Gbits\/s) (2010-2013)<\/li>\n<li>ITEA GEODES : Global Energy Optimisation for Distributed heterogeneous Embedded Systems (2008-2011)<\/li>\n<li>ANR CIFAER : Communication Intra-v\u00e9hicule Flexible et Architecture Embarqu\u00e9e Reconfigurable (2008-2010)<\/li>\n<\/ul>\n<p>L&rsquo;\u00e9quipe Granit est impliqu\u00e9e dans des Groupes de Recherche (GDR) du\u00a0CNRS :<\/p>\n<ul>\n<li><a href=\"https:\/\/www.gdr-soc.cnrs.fr\/\" target=\"_self\" rel=\"noopener\">GdR SOC2<\/a> (System On Chip \u2013 Syst\u00e8me embarqu\u00e9 et Objets Connect\u00e9s)<\/li>\n<li><a href=\"https:\/\/gdr-iasis.cnrs.fr\/\" target=\"_self\" rel=\"noopener\">GdR IASIS<\/a> (Information, Apprentissage, Signal, Image et ViSion)<\/li>\n<\/ul>\n<p><\/p>","protected":false},"excerpt":{"rendered":"<p>Projets en cours : ANR SpiNNAch (2025-2029) ANR France-Suisse MIOT (2025-2029) ANR France-Japon LIGHTSWIFT (2023-2027) ANR OWL (2024-2027) ANR PERENNE (2024-2027) AID RAPID RECSANet (2024-2025) ANR JCJC RedInBlack (2023-2026) Projets pass\u00e9s : ANR U-Wake-up (2021-2024) Labex CominLabs\u00a0NOP (2021-2024) ADEME Goodfloow (2021-2023) P\u00f4le Images &amp; R\u00e9seaux &#8211; HIJ : Help in\u2026<\/p>\n<p class=\"continue-reading-button\"> <a class=\"continue-reading-link\" href=\"https:\/\/www-granit.irisa.fr\/fr\/projects-and-grants\/\">Lire la suite<i class=\"crycon-right-dir\"><\/i><\/a><\/p>\n","protected":false},"author":683,"featured_media":0,"parent":0,"menu_order":0,"comment_status":"closed","ping_status":"closed","template":"","meta":{"footnotes":""},"class_list":["post-354","page","type-page","status-publish","hentry"],"_links":{"self":[{"href":"https:\/\/www-granit.irisa.fr\/fr\/wp-json\/wp\/v2\/pages\/354","targetHints":{"allow":["GET"]}}],"collection":[{"href":"https:\/\/www-granit.irisa.fr\/fr\/wp-json\/wp\/v2\/pages"}],"about":[{"href":"https:\/\/www-granit.irisa.fr\/fr\/wp-json\/wp\/v2\/types\/page"}],"author":[{"embeddable":true,"href":"https:\/\/www-granit.irisa.fr\/fr\/wp-json\/wp\/v2\/users\/683"}],"replies":[{"embeddable":true,"href":"https:\/\/www-granit.irisa.fr\/fr\/wp-json\/wp\/v2\/comments?post=354"}],"version-history":[{"count":39,"href":"https:\/\/www-granit.irisa.fr\/fr\/wp-json\/wp\/v2\/pages\/354\/revisions"}],"predecessor-version":[{"id":1589,"href":"https:\/\/www-granit.irisa.fr\/fr\/wp-json\/wp\/v2\/pages\/354\/revisions\/1589"}],"wp:attachment":[{"href":"https:\/\/www-granit.irisa.fr\/fr\/wp-json\/wp\/v2\/media?parent=354"}],"curies":[{"name":"wp","href":"https:\/\/api.w.org\/{rel}","templated":true}]}}