

{"id":485,"date":"2016-05-02T21:48:41","date_gmt":"2016-05-02T19:48:41","guid":{"rendered":"https:\/\/www-granit.irisa.fr\/?page_id=485"},"modified":"2026-04-10T14:14:07","modified_gmt":"2026-04-10T12:14:07","slug":"former-members","status":"publish","type":"page","link":"https:\/\/www-granit.irisa.fr\/fr\/former-members\/","title":{"rendered":"Anciens Membres"},"content":{"rendered":"<p><\/p>\n<h2>Permanents<\/h2>\n<ul>\n<li>Jo\u00eblle Th\u00e9pault, Administrative, ENSSAT, Universit\u00e9 de Rennes<\/li>\n<li>Didier Demigny, Professeur \u00e9m\u00e9rite, IUT Lannion,\u00a0Universit\u00e9 de Rennes 1<\/li>\n<li>Arnaud Carer, Ing\u00e9nieur,\u00a0Universit\u00e9 de Rennes 1<\/li>\n<\/ul>\n<h2>Doctorants<\/h2>\n<ul>\n<li>Thomas Muller (th\u00e8se d\u00e9but\u00e9e en octobre 2022 et soutenue le 11 d\u00e9cembre 2025)<\/li>\n<li>Souebou Bouro\u00a0(th\u00e8se d\u00e9but\u00e9e en octobre 2022 et soutenue le 9 d\u00e9cembre 2025)<\/li>\n<li>Dylan Chevalier (th\u00e8se d\u00e9but\u00e9e en octobre 2022 et soutenue le 26 novembre 2025)<\/li>\n<li>Nidhal Balti (th\u00e8se d\u00e9but\u00e9e en janvier 2022 et soutenue le 13 mars 2025)<\/li>\n<li>Jesus Argote Aguilar (th\u00e8se d\u00e9but\u00e9e en octobre 2021 et soutenue le 16 d\u00e9cembre 2024)<\/li>\n<li>Jules Courjault (th\u00e8se d\u00e9but\u00e9e en mai 2020 et soutenue le 11 d\u00e9cembre 2024)<\/li>\n<li>Samir El Rhaz (th\u00e8se d\u00e9but\u00e9e en juin 2020 et soutenue le 4 d\u00e9cembre avril 2024)<\/li>\n<li>Alice Chillet (th\u00e8se d\u00e9but\u00e9e en octobre 2021 et soutenue le 21 novembre 2024)<\/li>\n<li>Marie-Anne Lacroix (th\u00e8se d\u00e9but\u00e9e en octobre 2018 et soutenue le 5 avril 2022)<\/li>\n<li>Corentin\u00a0Lavaud (th\u00e8se d\u00e9but\u00e9e en octobre 2018 et soutenue le 6 janvier 2022)<\/li>\n<li>Nour El Hoda Djidi (th\u00e8se d\u00e9but\u00e9e en octobre 2018 et soutenue le 26 novembre 2021)<\/li>\n<li>Marwa Kazdoghli Lagha (th\u00e8se d\u00e9but\u00e9e en octobre 2017 et soutenue le 21 juin 2021)<\/li>\n<li>Nicolas Roux\u00a0(th\u00e8se d\u00e9but\u00e9e en octobre 2016)<\/li>\n<li>Philip-Dylan Gleonec (th\u00e8se d\u00e9but\u00e9e en octobre 2015 et soutenue le 8 f\u00e9vrier 2019)<\/li>\n<li>Mai-Thanh Tran (th\u00e8se d\u00e9but\u00e9e en octobre 2013 et soutenue le 13 novembre 2018)<\/li>\n<li>Baptiste Roux (th\u00e8se d\u00e9but\u00e9e en octobre 2014 et soutenue le 23 novembre 2017)<\/li>\n<li>Fay\u00e7al Ait Aoudia (th\u00e8se d\u00e9but\u00e9e en octobre 2014 et soutenue le 28 septembre 2017)<\/li>\n<li>Viet-Hoa Nguyen (th\u00e8se d\u00e9but\u00e9e en octobre 2012 et soutenue le 9 f\u00e9vrier\u00a02016)<\/li>\n<li>Joachim Flocon-Cholet\u00a0(th\u00e8se d\u00e9but\u00e9e en octobre 2012 et soutenue le 29 juin\u00a02016)<\/li>\n<\/ul>\n<h2>Post-Doctorants, ATER et ing\u00e9nieurs<\/h2>\n<ul>\n<li>Alice Chillet, Enseignant-Chercheur contractuel, Projet RIS3, Universit\u00e9 de Rennes (10.2024-08.2025)<\/li>\n<li>Cl\u00e9ment Caresmel, Ing\u00e9nieur de recherche, Universit\u00e9 de Rennes (03.2019-02.2023)<\/li>\n<li>Nour el hoda Djidi, Postdoc projet GoodFloow (01.2022-08.2022)<\/li>\n<li>Malo Mabon, ing\u00e9nieur, Universit\u00e9 de Rennes 1 (01.2018-12.2021)<\/li>\n<li>Lamarana Diallo, Postdoc,\u00a0Universit\u00e9 de Rennes 1 (01.2018-01.2019)<\/li>\n<li>Haifa Far\u00e8s, ATER, ENSSAT, Universit\u00e9 de Rennes 1\u00a0(09.2014-08.2016)<\/li>\n<li>Ahmed Abdmouleh, ATER, ENSSAT,\u00a0Universit\u00e9 de Rennes 1\u00a0(09.2016-08.2017)<\/li>\n<\/ul>\n<h2>Assistantes administratives<\/h2>\n<ul>\n<li>Ang\u00e9lique Le Pennec, ENSSAT<\/li>\n<\/ul>\n<p><\/p>","protected":false},"excerpt":{"rendered":"<p>Permanents Jo\u00eblle Th\u00e9pault, Administrative, ENSSAT, Universit\u00e9 de Rennes Didier Demigny, Professeur \u00e9m\u00e9rite, IUT Lannion,\u00a0Universit\u00e9 de Rennes 1 Arnaud Carer, Ing\u00e9nieur,\u00a0Universit\u00e9 de Rennes 1 Doctorants Thomas Muller (th\u00e8se d\u00e9but\u00e9e en octobre 2022 et soutenue le 11 d\u00e9cembre 2025) Souebou Bouro\u00a0(th\u00e8se d\u00e9but\u00e9e en octobre 2022 et soutenue le 9 d\u00e9cembre 2025) Dylan\u2026<\/p>\n<p class=\"continue-reading-button\"> <a class=\"continue-reading-link\" href=\"https:\/\/www-granit.irisa.fr\/fr\/former-members\/\">Lire la suite<i class=\"crycon-right-dir\"><\/i><\/a><\/p>\n","protected":false},"author":683,"featured_media":0,"parent":0,"menu_order":0,"comment_status":"closed","ping_status":"closed","template":"","meta":{"footnotes":""},"class_list":["post-485","page","type-page","status-publish","hentry"],"_links":{"self":[{"href":"https:\/\/www-granit.irisa.fr\/fr\/wp-json\/wp\/v2\/pages\/485","targetHints":{"allow":["GET"]}}],"collection":[{"href":"https:\/\/www-granit.irisa.fr\/fr\/wp-json\/wp\/v2\/pages"}],"about":[{"href":"https:\/\/www-granit.irisa.fr\/fr\/wp-json\/wp\/v2\/types\/page"}],"author":[{"embeddable":true,"href":"https:\/\/www-granit.irisa.fr\/fr\/wp-json\/wp\/v2\/users\/683"}],"replies":[{"embeddable":true,"href":"https:\/\/www-granit.irisa.fr\/fr\/wp-json\/wp\/v2\/comments?post=485"}],"version-history":[{"count":38,"href":"https:\/\/www-granit.irisa.fr\/fr\/wp-json\/wp\/v2\/pages\/485\/revisions"}],"predecessor-version":[{"id":1647,"href":"https:\/\/www-granit.irisa.fr\/fr\/wp-json\/wp\/v2\/pages\/485\/revisions\/1647"}],"wp:attachment":[{"href":"https:\/\/www-granit.irisa.fr\/fr\/wp-json\/wp\/v2\/media?parent=485"}],"curies":[{"name":"wp","href":"https:\/\/api.w.org\/{rel}","templated":true}]}}