

{"id":65,"date":"2015-02-22T21:30:03","date_gmt":"2015-02-22T20:30:03","guid":{"rendered":"https:\/\/project.inria.fr\/granit\/?page_id=65"},"modified":"2026-04-10T14:18:23","modified_gmt":"2026-04-10T12:18:23","slug":"team-members","status":"publish","type":"page","link":"https:\/\/www-granit.irisa.fr\/fr\/team-members\/","title":{"rendered":"Membres de l&rsquo;\u00e9quipe"},"content":{"rendered":"<p><\/p>\n<h2>Chercheurs permanents<\/h2>\n<ul>\n<li><a href=\"https:\/\/scholar.google.fr\/citations?user=aUCL1iMAAAAJ&amp;hl=fr&amp;oi=ao\" target=\"_blank\" rel=\"noopener noreferrer\">Olivier Berder<\/a>, Responsable d&rsquo;\u00e9quipe, Professeur, IUT Lannion, Universit\u00e9 de Rennes<\/li>\n<li><a href=\"https:\/\/people.irisa.fr\/Emmanuel.Casseau\/\" target=\"_blank\" rel=\"noopener\">Emmanuel Casseau<\/a>, Professeur, ENSSAT, Universit\u00e9 de Rennes<\/li>\n<li><a href=\"http:\/\/perso.univ-rennes1.fr\/antoine.courtay\" target=\"_blank\" rel=\"noopener noreferrer\">Antoine Courtay<\/a>, \u00a0Ma\u00eetre de Conf\u00e9rences, ENSSAT, Universit\u00e9 de Rennes<\/li>\n<li><a href=\"http:\/\/people.irisa.fr\/Matthieu.Gautier\/\" target=\"_blank\" rel=\"noopener noreferrer\">Matthieu Gautier<\/a>, Professeur, IUT Lannion, Universit\u00e9 de Rennes<\/li>\n<li><a href=\"https:\/\/people.irisa.fr\/Robin.Gerzaguet\/\">Robin Gerzaguet<\/a>, \u00a0Ma\u00eetre de Conf\u00e9rences (HDR), ENSSAT, Universit\u00e9 de Rennes<\/li>\n<li>Micka\u00ebl Le Gentil, Ing\u00e9nieur de recherche, Universit\u00e9 de Rennes<\/li>\n<li><a href=\"http:\/\/perso.univ-rennes1.fr\/romuald.rocher\/\">Romuald Rocher<\/a>, \u00a0Ma\u00eetre de Conf\u00e9rences, IUT Lannion, Universit\u00e9 de Rennes<\/li>\n<li><a href=\"http:\/\/www.researchgate.net\/profile\/Pascal_Scalart\" target=\"_blank\" rel=\"noopener noreferrer\">Pascal Scalart<\/a>, Professeur, ENSSAT, Universit\u00e9 de Rennes<\/li>\n<li>Baptiste Vrigneau, Ma\u00eetre de Conf\u00e9rences, IUT Lannion, Universit\u00e9 de Rennes<\/li>\n<\/ul>\n<h2>Assistantes administratives<\/h2>\n<ul>\n<li>Emilie\u00a0Carquin, ENSSAT<\/li>\n<li>Justine Cloarec, ENSSAT<\/li>\n<\/ul>\n<h2>Post-Doctorants, ATER et Ing\u00e9nieurs de recherche<\/h2>\n<ul>\n<li>Paul Bazerque, Ing\u00e9nieur de recherche, Universit\u00e9 de Rennes<\/li>\n<li>Assane Top, Ing\u00e9nieur de recherche, Universit\u00e9 de Rennes<\/li>\n<li>Marie-Anne Lacroix, Enseignant-Chercheur contractuel, Projet ESOS, Universit\u00e9 de Rennes<\/li>\n<\/ul>\n<h2>Etudiants en th\u00e8se<\/h2>\n<ul>\n<li>Ahmadagha Hajibalayev (ANR MIOT) depuis Dec. 2025<\/li>\n<li>Mahmoud Khalil Khouja (Creach Labs) depuis Oct. 2025<\/li>\n<li>Eya Kharrat (ESOS\/RIS3) depuis Oct. 2025<\/li>\n<li>Quentin Lamotte (CIFRE Prolann\/SeismoWave) depuis Sept. 2025<\/li>\n<li>Alexandre Afi (ANR OWL) depuis Janvier 2025<\/li>\n<li>Nour Bouayed (CIFRE Orange) depuis Janvier 2025<\/li>\n<li>Taha Moussa (LTC\/RIS3) depuis Oct. 2024<\/li>\n<li>Adam Lakhdari (ANR Perenne) depuis Oct. 2024<\/li>\n<li>Nada Kouddane (ANR Light Swift) depuis Oct. 2024<\/li>\n<li>Emma Bothereau (CDO) depuis Oct. 2023<\/li>\n<li>Ga\u00ebtan Loun\u00e8s (ANR Red in Black) depuis Avril 2023<\/li>\n<\/ul>\n<p><\/p>","protected":false},"excerpt":{"rendered":"<p>Chercheurs permanents Olivier Berder, Responsable d&rsquo;\u00e9quipe, Professeur, IUT Lannion, Universit\u00e9 de Rennes Emmanuel Casseau, Professeur, ENSSAT, Universit\u00e9 de Rennes Antoine Courtay, \u00a0Ma\u00eetre de Conf\u00e9rences, ENSSAT, Universit\u00e9 de Rennes Matthieu Gautier, Professeur, IUT Lannion, Universit\u00e9 de Rennes Robin Gerzaguet, \u00a0Ma\u00eetre de Conf\u00e9rences (HDR), ENSSAT, Universit\u00e9 de Rennes Micka\u00ebl Le Gentil, Ing\u00e9nieur\u2026<\/p>\n<p class=\"continue-reading-button\"> <a class=\"continue-reading-link\" href=\"https:\/\/www-granit.irisa.fr\/fr\/team-members\/\">Lire la suite<i class=\"crycon-right-dir\"><\/i><\/a><\/p>\n","protected":false},"author":683,"featured_media":0,"parent":0,"menu_order":0,"comment_status":"closed","ping_status":"closed","template":"","meta":{"footnotes":""},"class_list":["post-65","page","type-page","status-publish","hentry"],"_links":{"self":[{"href":"https:\/\/www-granit.irisa.fr\/fr\/wp-json\/wp\/v2\/pages\/65","targetHints":{"allow":["GET"]}}],"collection":[{"href":"https:\/\/www-granit.irisa.fr\/fr\/wp-json\/wp\/v2\/pages"}],"about":[{"href":"https:\/\/www-granit.irisa.fr\/fr\/wp-json\/wp\/v2\/types\/page"}],"author":[{"embeddable":true,"href":"https:\/\/www-granit.irisa.fr\/fr\/wp-json\/wp\/v2\/users\/683"}],"replies":[{"embeddable":true,"href":"https:\/\/www-granit.irisa.fr\/fr\/wp-json\/wp\/v2\/comments?post=65"}],"version-history":[{"count":124,"href":"https:\/\/www-granit.irisa.fr\/fr\/wp-json\/wp\/v2\/pages\/65\/revisions"}],"predecessor-version":[{"id":1650,"href":"https:\/\/www-granit.irisa.fr\/fr\/wp-json\/wp\/v2\/pages\/65\/revisions\/1650"}],"wp:attachment":[{"href":"https:\/\/www-granit.irisa.fr\/fr\/wp-json\/wp\/v2\/media?parent=65"}],"curies":[{"name":"wp","href":"https:\/\/api.w.org\/{rel}","templated":true}]}}