

{"id":767,"date":"2019-03-12T11:08:47","date_gmt":"2019-03-12T10:08:47","guid":{"rendered":"https:\/\/www-granit.irisa.fr\/?page_id=767"},"modified":"2026-02-04T20:39:55","modified_gmt":"2026-02-04T19:39:55","slug":"activity-reports","status":"publish","type":"page","link":"https:\/\/www-granit.irisa.fr\/fr\/activity-reports\/","title":{"rendered":"Rapports d&rsquo;activit\u00e9s"},"content":{"rendered":"<p>Rapport d&rsquo;activit\u00e9s annuel de l&rsquo;\u00e9quipe Granit du laboratoire IRISA :<\/p>\n<ul>\n<li><a href=\"https:\/\/www-granit.irisa.fr\/files\/2026\/02\/Granit_Activity_report_2025.pdf\" target=\"_blank\" rel=\"noopener\">Rapport d&rsquo;activit\u00e9 2025 (pdf)<\/a><\/li>\n<li><a href=\"https:\/\/www-granit.irisa.fr\/files\/2025\/02\/Granit_Activity_report_2024.pdf\" target=\"_blank\" rel=\"noopener\">Rapport d&rsquo;activit\u00e9 2024 (pdf)<\/a><\/li>\n<li><a href=\"https:\/\/www-granit.irisa.fr\/files\/2024\/06\/Granit_Activity_report_2023.pdf\" target=\"_blank\" rel=\"noopener\">Rapport d&rsquo;activit\u00e9 2023 (pdf)<\/a><\/li>\n<li><a href=\"https:\/\/www-granit.irisa.fr\/files\/2023\/03\/Granit_Activity_report_2022.pdf\" target=\"_blank\" rel=\"noopener\">Rapport d&rsquo;activit\u00e9 2022 (pdf)<\/a><\/li>\n<li><a href=\"https:\/\/www-granit.irisa.fr\/files\/2022\/04\/Granit_Activity_report_2021.pdf\" target=\"_blank\" rel=\"noopener\">Rapport d&rsquo;activit\u00e9 2021 (pdf)<\/a><\/li>\n<li><a href=\"https:\/\/www-granit.irisa.fr\/files\/2020\/07\/Granit_Activity_Report_2019.pdf\" target=\"_blank\" rel=\"noopener\">Rapport d&rsquo;activit\u00e9 2019 (pdf)<\/a><\/li>\n<li><a href=\"https:\/\/www-granit.irisa.fr\/files\/2019\/03\/Granit_Activity_Report_2018.pdf\" target=\"_blank\" rel=\"noopener\">Rapport d&rsquo;activit\u00e9s 2018 (pdf)<\/a><\/li>\n<li><a href=\"https:\/\/www-granit.irisa.fr\/files\/2019\/03\/Granit_Activity_Report_2017.pdf\" target=\"_blank\" rel=\"noopener\">Rapport d&rsquo;activit\u00e9s 2017 (pdf)<\/a><\/li>\n<li><a href=\"https:\/\/www-granit.irisa.fr\/files\/2019\/03\/Granit_Activity_Report_2016.pdf\" target=\"_blank\" rel=\"noopener\">Rapport d&rsquo;activit\u00e9s 2016 (pdf)<\/a><\/li>\n<\/ul>\n\n\n<p><\/p>","protected":false},"excerpt":{"rendered":"<p>Rapport d&rsquo;activit\u00e9s annuel de l&rsquo;\u00e9quipe Granit du laboratoire IRISA : Rapport d&rsquo;activit\u00e9 2025 (pdf) Rapport d&rsquo;activit\u00e9 2024 (pdf) Rapport d&rsquo;activit\u00e9 2023 (pdf) Rapport d&rsquo;activit\u00e9 2022 (pdf) Rapport d&rsquo;activit\u00e9 2021 (pdf) Rapport d&rsquo;activit\u00e9 2019 (pdf) Rapport d&rsquo;activit\u00e9s 2018 (pdf) Rapport d&rsquo;activit\u00e9s 2017 (pdf) Rapport d&rsquo;activit\u00e9s 2016 (pdf)<\/p>\n<p class=\"continue-reading-button\"> <a class=\"continue-reading-link\" href=\"https:\/\/www-granit.irisa.fr\/fr\/activity-reports\/\">Lire la suite<i class=\"crycon-right-dir\"><\/i><\/a><\/p>\n","protected":false},"author":683,"featured_media":0,"parent":0,"menu_order":0,"comment_status":"closed","ping_status":"closed","template":"","meta":{"footnotes":""},"class_list":["post-767","page","type-page","status-publish","hentry"],"_links":{"self":[{"href":"https:\/\/www-granit.irisa.fr\/fr\/wp-json\/wp\/v2\/pages\/767","targetHints":{"allow":["GET"]}}],"collection":[{"href":"https:\/\/www-granit.irisa.fr\/fr\/wp-json\/wp\/v2\/pages"}],"about":[{"href":"https:\/\/www-granit.irisa.fr\/fr\/wp-json\/wp\/v2\/types\/page"}],"author":[{"embeddable":true,"href":"https:\/\/www-granit.irisa.fr\/fr\/wp-json\/wp\/v2\/users\/683"}],"replies":[{"embeddable":true,"href":"https:\/\/www-granit.irisa.fr\/fr\/wp-json\/wp\/v2\/comments?post=767"}],"version-history":[{"count":28,"href":"https:\/\/www-granit.irisa.fr\/fr\/wp-json\/wp\/v2\/pages\/767\/revisions"}],"predecessor-version":[{"id":1632,"href":"https:\/\/www-granit.irisa.fr\/fr\/wp-json\/wp\/v2\/pages\/767\/revisions\/1632"}],"wp:attachment":[{"href":"https:\/\/www-granit.irisa.fr\/fr\/wp-json\/wp\/v2\/media?parent=767"}],"curies":[{"name":"wp","href":"https:\/\/api.w.org\/{rel}","templated":true}]}}