

{"id":774,"date":"2019-03-12T11:15:51","date_gmt":"2019-03-12T10:15:51","guid":{"rendered":"https:\/\/www-granit.irisa.fr\/?page_id=774"},"modified":"2025-08-20T14:21:19","modified_gmt":"2025-08-20T12:21:19","slug":"phd-thesis","status":"publish","type":"page","link":"https:\/\/www-granit.irisa.fr\/fr\/phd-thesis\/","title":{"rendered":"Th\u00e8ses"},"content":{"rendered":"<p><strong>2025<\/strong><\/p>\n<ul>\n<li>Nidhal Balti : Sensor-aided NILM using Deep Learning models<\/li>\n<\/ul>\n<p><strong>2024<\/strong><\/p>\n<ul>\n<li>Jesus Argote Aguilar : <a href=\"https:\/\/theses.hal.science\/tel-05100987\/\" target=\"_blank\" rel=\"noopener\">Alimentation des Wake-up Radios Ultra Faible Consommation avec la R\u00e9cup\u00e9ration d\u2019\u00e9nergie RF<\/a><\/li>\n<li>Jules Courjault : Optimisation \u00e9nerg\u00e9tique des communications IoT sans fil \u00e0 l&rsquo;aide d&rsquo;apprentissage par renforcement<\/li>\n<li>Samir El Rhaz : Conception d\u2019une cha\u00eene instrumentale infrasonore radio-communicante autonome en \u00e9nergie<\/li>\n<li>Alice Chillet : <a href=\"https:\/\/theses.hal.science\/tel-04908234v1\" target=\"_blank\" rel=\"noopener\">Identification de dispositifs sensibles par apprentissage de leur empreintes Radio-fr\u00e9quence<\/a><\/li>\n<\/ul>\n<p><strong>2022<\/strong><\/p>\n<ul>\n<li>Marie-Anne Lacroix : <a href=\"https:\/\/theses.hal.science\/tel-03867317v1\" target=\"_blank\" rel=\"noopener\">D\u00e9tection d&rsquo;\u00e9v\u00e9nements sonores environnementaux dans les r\u00e9seaux de capteurs sans fil \u00e0 faible consommation<\/a><\/li>\n<li>Corentin Lavaud : <a href=\"https:\/\/theses.hal.science\/tel-03944537v1\" target=\"_blank\" rel=\"noopener\">Syst\u00e8mes reconfigurables pour l&rsquo;interception de signaux sporadiques compromettant<\/a><\/li>\n<\/ul>\n<p><strong>2021<\/strong><\/p>\n<ul>\n<li>Nour El Hoda Djidi : <a href=\"https:\/\/tel.archives-ouvertes.fr\/tel-03626681\" target=\"_blank\" rel=\"noopener\">Gestion d&rsquo;\u00e9nergie et conception de protocoles pour les r\u00e9seaux IoT h\u00e9t\u00e9rog\u00e8nes utilisant les wake-up radios<\/a><\/li>\n<li>Marwa Kazdoghli Lagha : <a href=\"https:\/\/tel.archives-ouvertes.fr\/tel-03470677v1\" target=\"_blank\" rel=\"noopener\">Conception d&rsquo;algorithmes temps-r\u00e9el pour transpondeurs optiques \u00e9lastiques \u00e0 tr\u00e8s haut d\u00e9bit<\/a><\/li>\n<\/ul>\n<p><strong>2019<\/strong><\/p>\n<ul>\n<li>Philip-Dylan Gleonec :\u00a0<a href=\"https:\/\/tel.archives-ouvertes.fr\/tel-02131685\" target=\"_blank\" rel=\"noopener\"><span style=\"font-family: 'Droid Sans';\">Design and implementation of power management strategies for long\u00a0<\/span><span style=\"font-family: 'Droid Sans';\">range radio modules with energy harvesting<\/span><\/a><\/li>\n<\/ul>\n<p><strong>2018<\/strong><\/p>\n<ul>\n<li>Mai-Thanh Tran :\u00a0<a href=\"https:\/\/tel.archives-ouvertes.fr\/tel-01942187\" target=\"_blank\" rel=\"noopener\">Towards Hardware Synthesis of a Flexible Radio from a High-Level Language<\/a><\/li>\n<\/ul>\n<p><strong>2017<\/strong><\/p>\n<ul>\n<li>Baptiste Roux :\u00a0<a href=\"https:\/\/tel.archives-ouvertes.fr\/tel-01672814\/\" target=\"_blank\" rel=\"noopener\">Methodology and Tools for Energy-aware Task Mapping on Heterogeneous Multiprocessor Architectures<\/a><\/li>\n<li>Fay\u00e7al Ait Aoudia :\u00a0<a href=\"https:\/\/tel.archives-ouvertes.fr\/tel-01778971\" target=\"_blank\" rel=\"noopener\">R\u00e9seaux de capteurs sans fils auto-aliment\u00e9s utilisant des wake-up radio : gestionnaire d&rsquo;\u00e9nergie et protocoles MAC<\/a><\/li>\n<\/ul>\n<p><strong>2016<\/strong><\/p>\n<ul>\n<li>Viet-Hoa Nguyen :\u00a0Energy-efficient cooperative techniques for Wireless Body Area Sensor Networks<\/li>\n<li>Joachim Flocon-Cholet\u00a0:\u00a0<a href=\"https:\/\/tel.archives-ouvertes.fr\/tel-01395495\" target=\"_blank\" rel=\"noopener\">Classification audio sous contrainte de faible latence<\/a><\/li>\n<\/ul>\n<p><\/p>","protected":false},"excerpt":{"rendered":"<p>2025 Nidhal Balti : Sensor-aided NILM using Deep Learning models 2024 Jesus Argote Aguilar : Alimentation des Wake-up Radios Ultra Faible Consommation avec la R\u00e9cup\u00e9ration d\u2019\u00e9nergie RF Jules Courjault : Optimisation \u00e9nerg\u00e9tique des communications IoT sans fil \u00e0 l&rsquo;aide d&rsquo;apprentissage par renforcement Samir El Rhaz : Conception d\u2019une cha\u00eene instrumentale\u2026<\/p>\n<p class=\"continue-reading-button\"> <a class=\"continue-reading-link\" href=\"https:\/\/www-granit.irisa.fr\/fr\/phd-thesis\/\">Lire la suite<i class=\"crycon-right-dir\"><\/i><\/a><\/p>\n","protected":false},"author":683,"featured_media":0,"parent":0,"menu_order":0,"comment_status":"closed","ping_status":"closed","template":"","meta":{"footnotes":""},"class_list":["post-774","page","type-page","status-publish","hentry"],"_links":{"self":[{"href":"https:\/\/www-granit.irisa.fr\/fr\/wp-json\/wp\/v2\/pages\/774","targetHints":{"allow":["GET"]}}],"collection":[{"href":"https:\/\/www-granit.irisa.fr\/fr\/wp-json\/wp\/v2\/pages"}],"about":[{"href":"https:\/\/www-granit.irisa.fr\/fr\/wp-json\/wp\/v2\/types\/page"}],"author":[{"embeddable":true,"href":"https:\/\/www-granit.irisa.fr\/fr\/wp-json\/wp\/v2\/users\/683"}],"replies":[{"embeddable":true,"href":"https:\/\/www-granit.irisa.fr\/fr\/wp-json\/wp\/v2\/comments?post=774"}],"version-history":[{"count":21,"href":"https:\/\/www-granit.irisa.fr\/fr\/wp-json\/wp\/v2\/pages\/774\/revisions"}],"predecessor-version":[{"id":1565,"href":"https:\/\/www-granit.irisa.fr\/fr\/wp-json\/wp\/v2\/pages\/774\/revisions\/1565"}],"wp:attachment":[{"href":"https:\/\/www-granit.irisa.fr\/fr\/wp-json\/wp\/v2\/media?parent=774"}],"curies":[{"name":"wp","href":"https:\/\/api.w.org\/{rel}","templated":true}]}}