

{"id":823,"date":"2019-06-10T18:39:17","date_gmt":"2019-06-10T16:39:17","guid":{"rendered":"https:\/\/www-granit.irisa.fr\/?page_id=823"},"modified":"2022-07-05T10:39:34","modified_gmt":"2022-07-05T08:39:34","slug":"rose-sdr-platform","status":"publish","type":"page","link":"https:\/\/www-granit.irisa.fr\/fr\/rose-sdr-platform\/","title":{"rendered":"Plateforme de radio logicielle (Rose)"},"content":{"rendered":"<p><strong>Rose<\/strong> (Software Defined Radio for Embedded Internet Of Things) est la plateforme de radio logicielle de l&rsquo;\u00e9quipe Granit \u00e0 Lannion.<br \/>\nElle est compos\u00e9e de plusieurs n\u0153uds SDR et d&rsquo;une instrumentation \u00e9lectronique. La plateforme est h\u00e9berg\u00e9e dans la chambre an\u00e9cho\u00efque de l&rsquo;ENSSAT.<\/p>\n<p>Les n\u0153uds SDR sont des p\u00e9riph\u00e9riques radio e310  (USRP) de National Instrument. Ces SDR sont de derni\u00e8re g\u00e9n\u00e9ration et pr\u00e9sentent une diff\u00e9rence architecturale avec les premi\u00e8re et deuxi\u00e8me g\u00e9n\u00e9rations. La carte fille RF (AD9361 d&rsquo;Analog Device) est int\u00e9gr\u00e9e avec un System On Chip complet. Le SoC est un Zynq 7010 qui embarque un cortex ARM A9 dual core conjointement avec un Field Programmable Gate Array (FPGA) permettant une acc\u00e9l\u00e9ration mat\u00e9rielle pour un calcul intensif en temps r\u00e9el. Ce type de SDR bas\u00e9 sur SoC offre de meilleures performances en termes de calcul et permet \u00e9galement d&rsquo;int\u00e9grer la plupart des traitements dans la radio elle-m\u00eame. C&rsquo;est donc un outil puissant pour ouvrir la voie \u00e0 un d\u00e9ploiement autonome en temps r\u00e9el car le n\u0153ud peut fonctionner sans PC h\u00f4te d\u00e9di\u00e9.<\/p>\n<p>La plateforme dispose \u00e9galement d&rsquo;une radio X310 tr\u00e8s large bande, et de radios logicielles Adalm Pluto de Analog devices. De nombreux dongles Wifi et Bluetooth compl\u00e8te la plateforme en fonction des besoins de connectivit\u00e9.  <\/p>\n<p>La plateforme Rose a \u00e9t\u00e9 financ\u00e9e par l&rsquo;Universit\u00e9 de Rennes et par le projet CNRS INS2I ARPOSTEMP.<\/p>\n<p><img decoding=\"async\" style=\"largeur\u00a0: 25\u00a0%\u00a0; hauteur\u00a0: 25\u00a0%\u00a0;\" src=\"https:\/\/www-granit.irisa.fr\/files\/2019\/06\/E310.jpg\" alt=\"USRP e310 -- Un SDR haute performance int\u00e9gr\u00e9\" \/><\/p>\n<p>Plusieurs projets sont men\u00e9s avec l&rsquo;aide de la plateforme Rose<br \/>\n&#8211; Plate-forme SDR bas\u00e9e sur l&rsquo;IoT<br \/>\n&#8211; Formes d&rsquo;onde 5G+ et doctorat flexible pour l&rsquo;IoT<br \/>\n&#8211; S\u00e9curit\u00e9 RF via des sc\u00e9narios d&rsquo;exploitation TEMPEST<br \/>\n&#8211; Nouveaux outils et m\u00e9thodologies pour un prototypage SDR efficace avec Julia<\/p>\n<p><img decoding=\"async\" style=\"largeur\u00a0: 25\u00a0%\u00a0; hauteur\u00a0: 25\u00a0%\u00a0;\" src=\"https:\/\/www-granit.irisa.fr\/files\/2019\/06\/chambre_ENSSAT_crop.jpg\" alt=\"Chambre an\u00e9cho\u00efque ENSSAT\" \/><\/p>","protected":false},"excerpt":{"rendered":"<p>Rose (Software Defined Radio for Embedded Internet Of Things) est la plateforme de radio logicielle de l&rsquo;\u00e9quipe Granit \u00e0 Lannion. Elle est compos\u00e9e de plusieurs n\u0153uds SDR et d&rsquo;une instrumentation \u00e9lectronique. La plateforme est h\u00e9berg\u00e9e dans la chambre an\u00e9cho\u00efque de l&rsquo;ENSSAT. Les n\u0153uds SDR sont des p\u00e9riph\u00e9riques radio e310 (USRP)\u2026<\/p>\n<p class=\"continue-reading-button\"> <a class=\"continue-reading-link\" href=\"https:\/\/www-granit.irisa.fr\/fr\/rose-sdr-platform\/\">Lire la suite<i class=\"crycon-right-dir\"><\/i><\/a><\/p>\n","protected":false},"author":1252,"featured_media":0,"parent":0,"menu_order":0,"comment_status":"closed","ping_status":"closed","template":"","meta":{"footnotes":""},"class_list":["post-823","page","type-page","status-publish","hentry"],"_links":{"self":[{"href":"https:\/\/www-granit.irisa.fr\/fr\/wp-json\/wp\/v2\/pages\/823","targetHints":{"allow":["GET"]}}],"collection":[{"href":"https:\/\/www-granit.irisa.fr\/fr\/wp-json\/wp\/v2\/pages"}],"about":[{"href":"https:\/\/www-granit.irisa.fr\/fr\/wp-json\/wp\/v2\/types\/page"}],"author":[{"embeddable":true,"href":"https:\/\/www-granit.irisa.fr\/fr\/wp-json\/wp\/v2\/users\/1252"}],"replies":[{"embeddable":true,"href":"https:\/\/www-granit.irisa.fr\/fr\/wp-json\/wp\/v2\/comments?post=823"}],"version-history":[{"count":12,"href":"https:\/\/www-granit.irisa.fr\/fr\/wp-json\/wp\/v2\/pages\/823\/revisions"}],"predecessor-version":[{"id":1226,"href":"https:\/\/www-granit.irisa.fr\/fr\/wp-json\/wp\/v2\/pages\/823\/revisions\/1226"}],"wp:attachment":[{"href":"https:\/\/www-granit.irisa.fr\/fr\/wp-json\/wp\/v2\/media?parent=823"}],"curies":[{"name":"wp","href":"https:\/\/api.w.org\/{rel}","templated":true}]}}