

{"id":865,"date":"2019-12-18T12:44:38","date_gmt":"2019-12-18T11:44:38","guid":{"rendered":"https:\/\/www-granit.irisa.fr\/?page_id=865"},"modified":"2025-08-20T15:02:21","modified_gmt":"2025-08-20T13:02:21","slug":"hdr","status":"publish","type":"page","link":"https:\/\/www-granit.irisa.fr\/fr\/hdr\/","title":{"rendered":"HDR"},"content":{"rendered":"<p>HDR:\u00a0<em>habilitation \u00e0 diriger les recherches<\/em><\/p>\n<p><strong>2025<\/strong><\/p>\n<ul>\n<li>Robin Gerzaguet : <a href=\"https:\/\/theses.hal.science\/tel-05216501v1\/file\/Gerzaguet_HDR.pdf\" target=\"_blank\" rel=\"noopener\">Ad\u00e9quation algorithme-architecture pour les syst\u00e8mes embarqu\u00e9s communicants<\/a><\/li>\n<\/ul>\n<p><strong>2019<\/strong><\/p>\n<ul>\n<li>Matthieu Gautier :\u00a0<a href=\"https:\/\/tel.archives-ouvertes.fr\/tel-02136001\/file\/gautier19hdr.pdf\" target=\"_blank\" rel=\"noopener\">Algorithmes et architectures adaptatifs <span style=\"font-family: 'Droid Sans';\">pour les syste\u0300mes de communication sans fil efficaces en e\u0301nergie<\/span><\/a><\/li>\n<\/ul>\n<p><\/p>","protected":false},"excerpt":{"rendered":"<p>HDR:\u00a0habilitation \u00e0 diriger les recherches 2025 Robin Gerzaguet : Ad\u00e9quation algorithme-architecture pour les syst\u00e8mes embarqu\u00e9s communicants 2019 Matthieu Gautier :\u00a0Algorithmes et architectures adaptatifs pour les syste\u0300mes de communication sans fil efficaces en e\u0301nergie<\/p>\n<p class=\"continue-reading-button\"> <a class=\"continue-reading-link\" href=\"https:\/\/www-granit.irisa.fr\/fr\/hdr\/\">Lire la suite<i class=\"crycon-right-dir\"><\/i><\/a><\/p>\n","protected":false},"author":683,"featured_media":0,"parent":0,"menu_order":0,"comment_status":"closed","ping_status":"closed","template":"","meta":{"footnotes":""},"class_list":["post-865","page","type-page","status-publish","hentry"],"_links":{"self":[{"href":"https:\/\/www-granit.irisa.fr\/fr\/wp-json\/wp\/v2\/pages\/865","targetHints":{"allow":["GET"]}}],"collection":[{"href":"https:\/\/www-granit.irisa.fr\/fr\/wp-json\/wp\/v2\/pages"}],"about":[{"href":"https:\/\/www-granit.irisa.fr\/fr\/wp-json\/wp\/v2\/types\/page"}],"author":[{"embeddable":true,"href":"https:\/\/www-granit.irisa.fr\/fr\/wp-json\/wp\/v2\/users\/683"}],"replies":[{"embeddable":true,"href":"https:\/\/www-granit.irisa.fr\/fr\/wp-json\/wp\/v2\/comments?post=865"}],"version-history":[{"count":10,"href":"https:\/\/www-granit.irisa.fr\/fr\/wp-json\/wp\/v2\/pages\/865\/revisions"}],"predecessor-version":[{"id":1572,"href":"https:\/\/www-granit.irisa.fr\/fr\/wp-json\/wp\/v2\/pages\/865\/revisions\/1572"}],"wp:attachment":[{"href":"https:\/\/www-granit.irisa.fr\/fr\/wp-json\/wp\/v2\/media?parent=865"}],"curies":[{"name":"wp","href":"https:\/\/api.w.org\/{rel}","templated":true}]}}